{"id":84,"date":"2024-10-07T18:25:25","date_gmt":"2024-10-07T18:25:25","guid":{"rendered":"http:\/\/localhost\/demolinor\/?page_id=84"},"modified":"2025-12-15T21:59:34","modified_gmt":"2025-12-15T21:59:34","slug":"maquinas","status":"publish","type":"page","link":"https:\/\/demolinor.pt\/index.php\/maquinas\/","title":{"rendered":"EQUIPAMENTOS"},"content":{"rendered":"\t\t<div data-elementor-type=\"wp-page\" data-elementor-id=\"84\" class=\"elementor elementor-84\" data-elementor-post-type=\"page\">\n\t\t\t\t<div class=\"elementor-element elementor-element-48b1784 e-grid e-con-boxed e-con e-parent\" data-id=\"48b1784\" data-element_type=\"container\" data-e-type=\"container\">\n\t\t\t\t\t<div class=\"e-con-inner\">\n\t\t\t\t<div class=\"elementor-element elementor-element-6b5ce99 elementor-widget elementor-widget-image\" data-id=\"6b5ce99\" data-element_type=\"widget\" data-e-type=\"widget\" data-widget_type=\"image.default\">\n\t\t\t\t<div class=\"elementor-widget-container\">\n\t\t\t\t\t\t\t\t\t\t\t\t\t\t\t<img fetchpriority=\"high\" decoding=\"async\" width=\"515\" height=\"812\" src=\"https:\/\/demolinor.pt\/wp-content\/uploads\/2025\/10\/Captura-de-Ecra-1.png\" class=\"attachment-large size-large wp-image-150\" alt=\"\" \/>\t\t\t\t\t\t\t\t\t\t\t\t\t\t\t<\/div>\n\t\t\t\t<\/div>\n\t\t\t\t<div class=\"elementor-element elementor-element-58054cb elementor-widget elementor-widget-text-editor\" data-id=\"58054cb\" data-element_type=\"widget\" data-e-type=\"widget\" data-widget_type=\"text-editor.default\">\n\t\t\t\t<div class=\"elementor-widget-container\">\n\t\t\t\t\t\t\t\t\t<pre><span class=\"y2iqfc\"><span style=\"font-size: 9.0pt; font-family: 'Helvetica',sans-serif;\"><strong>O equipamento existente da empresa \u00e9 sujeito a rigorosa manuten\u00e7\u00e3o e \u00e9 todo devidamente certificado<\/strong>.<\/span><\/span><\/pre>\t\t\t\t\t\t\t\t<\/div>\n\t\t\t\t<\/div>\n\t\t\t\t\t<\/div>\n\t\t\t\t<\/div>\n\t\t\t\t<\/div>\n\t\t","protected":false},"excerpt":{"rendered":"<p>O equipamento existente da empresa \u00e9 sujeito a rigorosa manuten\u00e7\u00e3o e \u00e9 todo devidamente certificado.<\/p>\n","protected":false},"author":1,"featured_media":0,"parent":0,"menu_order":0,"comment_status":"closed","ping_status":"closed","template":"","meta":{"_eb_attr":"","footnotes":""},"class_list":["post-84","page","type-page","status-publish","hentry"],"_links":{"self":[{"href":"https:\/\/demolinor.pt\/index.php\/wp-json\/wp\/v2\/pages\/84","targetHints":{"allow":["GET"]}}],"collection":[{"href":"https:\/\/demolinor.pt\/index.php\/wp-json\/wp\/v2\/pages"}],"about":[{"href":"https:\/\/demolinor.pt\/index.php\/wp-json\/wp\/v2\/types\/page"}],"author":[{"embeddable":true,"href":"https:\/\/demolinor.pt\/index.php\/wp-json\/wp\/v2\/users\/1"}],"replies":[{"embeddable":true,"href":"https:\/\/demolinor.pt\/index.php\/wp-json\/wp\/v2\/comments?post=84"}],"version-history":[{"count":15,"href":"https:\/\/demolinor.pt\/index.php\/wp-json\/wp\/v2\/pages\/84\/revisions"}],"predecessor-version":[{"id":214,"href":"https:\/\/demolinor.pt\/index.php\/wp-json\/wp\/v2\/pages\/84\/revisions\/214"}],"wp:attachment":[{"href":"https:\/\/demolinor.pt\/index.php\/wp-json\/wp\/v2\/media?parent=84"}],"curies":[{"name":"wp","href":"https:\/\/api.w.org\/{rel}","templated":true}]}}