{"id":82,"date":"2024-10-07T18:24:48","date_gmt":"2024-10-07T18:24:48","guid":{"rendered":"http:\/\/localhost\/demolinor\/?page_id=82"},"modified":"2026-02-11T19:40:08","modified_gmt":"2026-02-11T19:40:08","slug":"reportorio","status":"publish","type":"page","link":"https:\/\/demolinor.pt\/index.php\/reportorio\/","title":{"rendered":"OBRAS RECENTES"},"content":{"rendered":"\t\t<div data-elementor-type=\"wp-page\" data-elementor-id=\"82\" class=\"elementor elementor-82\" data-elementor-post-type=\"page\">\n\t\t\t\t<div class=\"elementor-element elementor-element-3c2754d e-flex e-con-boxed e-con e-parent\" data-id=\"3c2754d\" data-element_type=\"container\" data-e-type=\"container\">\n\t\t\t\t\t<div class=\"e-con-inner\">\n\t\t\t\t<div class=\"elementor-element elementor-element-d4ea573 elementor-widget elementor-widget-heading\" data-id=\"d4ea573\" data-element_type=\"widget\" data-e-type=\"widget\" data-widget_type=\"heading.default\">\n\t\t\t\t<div class=\"elementor-widget-container\">\n\t\t\t\t\t<h2 class=\"elementor-heading-title elementor-size-default\">Algumas Obras Recentes (2020-2025)<\/h2>\t\t\t\t<\/div>\n\t\t\t\t<\/div>\n\t\t\t\t<div class=\"elementor-element elementor-element-a251904 elementor-widget elementor-widget-text-editor\" data-id=\"a251904\" data-element_type=\"widget\" data-e-type=\"widget\" data-widget_type=\"text-editor.default\">\n\t\t\t\t<div class=\"elementor-widget-container\">\n\t\t\t\t\t\t\t\t\t<ul><li><strong>Parque Solar do Alqueva\u2013 Obra de Alta Tens\u00e3o;<\/strong><\/li><li><strong>Obra de Constru\u00e7\u00e3o Civil na constru\u00e7\u00e3o da nova subesta\u00e7\u00e3o em Vila Nova da Ra\u00ednha;<\/strong><\/li><li><strong>\u00a0Prepara\u00e7\u00e3o e nivelamento de acessos para a execu\u00e7\u00e3o de microestacas para postes na Subesta\u00e7\u00e3o da Cerca em Alenquer; <\/strong><\/li><li><strong>Parque Solar ISE em Pombal \u2013 Constru\u00e7\u00e3o de uma nova linha de Alta Tens\u00e3o entre o novoparque solar e a subesta\u00e7\u00e3o na zona industrial de Pombal;<\/strong><\/li><li><strong> LN 30kV Castelo Branco \u2013 Work to connect a new solar park to the substation in the center of Castelo Branco;<\/strong><\/li><li><strong> AT EXIDE \u2013 Obra de Alta Tens\u00e3o em Castanheira de Ribatejo para ligar a f\u00e1brica de baterias TUDOR;<\/strong><\/li><li><strong>AT Boavista Prelada \u2013 Obra de Alta tens\u00e3o entre as subesta\u00e7\u00f5es da Boavista e Prelada, obra com n\u00edvel de execu\u00e7\u00e3o extremamente dif\u00edcil;<\/strong><\/li><li><strong>Parque solar de Elvas \u2013 Obra de M\u00e9dia Tens\u00e3o executada em Elvas para ligar o parque solar \u00e0 subesta\u00e7\u00e3o existente;<\/strong><\/li><li><strong> AT e MT Mercadona de Almeirim \u2013 Obra em Almeirim, para os hipermercados Mercadona;<\/strong><\/li><li><strong>AT, Fibra \u00d3tica e Sistemas de \u00c1gua e Fogo na expans\u00e3o da f\u00e1brica de papel Navigator;<\/strong><\/li><li><strong> Obra de Constru\u00e7\u00e3o Civil na subesta\u00e7\u00e3o de Vi\u00e7oso em Gr\u00e2ndola;<\/strong><\/li><li><strong>Parque Solar de Duas Igrejas \u2013 Obra para ligar o Parque solar em Duas Igrejas \u00e0 subesta\u00e7\u00e3o de Bustelo;<\/strong><\/li><li><strong>Parque Solar de Modelos\u00a0 \u2013 Obra para conectar o parque solar em \u00a0Modelos a um poste de M\u00e9dia Tens\u00e3o em Lordelo; (&#8230;)<\/strong><\/li><\/ul>\t\t\t\t\t\t\t\t<\/div>\n\t\t\t\t<\/div>\n\t\t\t\t\t<\/div>\n\t\t\t\t<\/div>\n\t\t\t\t<\/div>\n\t\t","protected":false},"excerpt":{"rendered":"<p>Algumas Obras Recentes (2020-2025) Parque Solar do Alqueva\u2013 Obra de Alta Tens\u00e3o; Obra de Constru\u00e7\u00e3o [&hellip;]<\/p>\n","protected":false},"author":1,"featured_media":0,"parent":0,"menu_order":0,"comment_status":"closed","ping_status":"closed","template":"","meta":{"_eb_attr":"","footnotes":""},"class_list":["post-82","page","type-page","status-publish","hentry"],"_links":{"self":[{"href":"https:\/\/demolinor.pt\/index.php\/wp-json\/wp\/v2\/pages\/82","targetHints":{"allow":["GET"]}}],"collection":[{"href":"https:\/\/demolinor.pt\/index.php\/wp-json\/wp\/v2\/pages"}],"about":[{"href":"https:\/\/demolinor.pt\/index.php\/wp-json\/wp\/v2\/types\/page"}],"author":[{"embeddable":true,"href":"https:\/\/demolinor.pt\/index.php\/wp-json\/wp\/v2\/users\/1"}],"replies":[{"embeddable":true,"href":"https:\/\/demolinor.pt\/index.php\/wp-json\/wp\/v2\/comments?post=82"}],"version-history":[{"count":26,"href":"https:\/\/demolinor.pt\/index.php\/wp-json\/wp\/v2\/pages\/82\/revisions"}],"predecessor-version":[{"id":219,"href":"https:\/\/demolinor.pt\/index.php\/wp-json\/wp\/v2\/pages\/82\/revisions\/219"}],"wp:attachment":[{"href":"https:\/\/demolinor.pt\/index.php\/wp-json\/wp\/v2\/media?parent=82"}],"curies":[{"name":"wp","href":"https:\/\/api.w.org\/{rel}","templated":true}]}}