{"id":174,"date":"2025-12-15T02:07:54","date_gmt":"2025-12-15T02:07:54","guid":{"rendered":"http:\/\/localhost\/demolinor\/?page_id=174"},"modified":"2026-02-11T19:41:46","modified_gmt":"2026-02-11T19:41:46","slug":"politica-empresarial","status":"publish","type":"page","link":"https:\/\/demolinor.pt\/index.php\/politica-empresarial\/","title":{"rendered":"POL\u00cdTICA EMPRESARIAL"},"content":{"rendered":"\t\t<div data-elementor-type=\"wp-page\" data-elementor-id=\"174\" class=\"elementor elementor-174\" data-elementor-post-type=\"page\">\n\t\t\t\t<div class=\"elementor-element elementor-element-c9eb472 e-flex e-con-boxed e-con e-parent\" data-id=\"c9eb472\" data-element_type=\"container\" data-e-type=\"container\">\n\t\t\t\t\t<div class=\"e-con-inner\">\n\t\t\t\t<div class=\"elementor-element elementor-element-9baf088 elementor-widget elementor-widget-heading\" data-id=\"9baf088\" data-element_type=\"widget\" data-e-type=\"widget\" data-widget_type=\"heading.default\">\n\t\t\t\t<div class=\"elementor-widget-container\">\n\t\t\t\t\t<h2 class=\"elementor-heading-title elementor-size-default\">MISS\u00c3O<\/h2>\t\t\t\t<\/div>\n\t\t\t\t<\/div>\n\t\t\t\t<div class=\"elementor-element elementor-element-c01123b elementor-widget elementor-widget-text-editor\" data-id=\"c01123b\" data-element_type=\"widget\" data-e-type=\"widget\" data-widget_type=\"text-editor.default\">\n\t\t\t\t<div class=\"elementor-widget-container\">\n\t\t\t\t\t\t\t\t\t<p>\u00a0A Demolinor \u00e9 uma empresa que tem como miss\u00e3o:<\/p><ul><li>A constru\u00e7\u00e3o de estradas, de arruamentos e de redes de saneamento b\u00e1sico, calcetamentos e pavimenta\u00e7\u00f5es, empreitadas de obras p\u00fablicas e particulares, incluindo movimenta\u00e7\u00f5es de terras, abertura e tapamento de valas para infraestruturas de g\u00e1s, eletricidade e \u00e1gua, execu\u00e7\u00e3o de po\u00e7os e minas, demoli\u00e7\u00f5es, etc.<\/li><\/ul>\t\t\t\t\t\t\t\t<\/div>\n\t\t\t\t<\/div>\n\t\t\t\t\t<\/div>\n\t\t\t\t<\/div>\n\t\t<div class=\"elementor-element elementor-element-2b01058 e-flex e-con-boxed e-con e-parent\" data-id=\"2b01058\" data-element_type=\"container\" data-e-type=\"container\">\n\t\t\t\t\t<div class=\"e-con-inner\">\n\t\t\t\t<div class=\"elementor-element elementor-element-b89304a elementor-widget elementor-widget-heading\" data-id=\"b89304a\" data-element_type=\"widget\" data-e-type=\"widget\" data-widget_type=\"heading.default\">\n\t\t\t\t<div class=\"elementor-widget-container\">\n\t\t\t\t\t<h2 class=\"elementor-heading-title elementor-size-default\">POL\u00cdTICA DE  QUALIDADE EMPRESARIAL<\/h2>\t\t\t\t<\/div>\n\t\t\t\t<\/div>\n\t\t\t\t<div class=\"elementor-element elementor-element-e85fcbf elementor-widget elementor-widget-text-editor\" data-id=\"e85fcbf\" data-element_type=\"widget\" data-e-type=\"widget\" data-widget_type=\"text-editor.default\">\n\t\t\t\t<div class=\"elementor-widget-container\">\n\t\t\t\t\t\t\t\t\t<p>A Demolinor desenvolve a sua actividade h\u00e1 24 anos, tendo como objectivo proporcionar aos seus Clientes a melhor qualidade na presta\u00e7\u00e3o dos seus servi\u00e7os bem como no fornecimento dos seus produtos. Neste sentido a Empresa definiu a seguinte Pol\u00edtica da Qualidade:<\/p><ul><li>Assegurar que todos os seus colaboradores se encontram informados, e motivados, quanto \u00e0 <strong>Pol\u00edtica da Qualidade <\/strong>e participem na implanta\u00e7\u00e3o da mesma;<\/li><li>Promover o <strong>desenvolvimento cont\u00ednuo dos colaboradores <\/strong>proporcionando-lhes a necess\u00e1ria forma\u00e7\u00e3o, meios e responsabilidades, de forma a que executem as suas fun\u00e7\u00f5es de acordo com o padr\u00e3o de desempenho definido. Neste pressuposto, torna-se essencial que todos os elementos com fun\u00e7\u00f5es de direc\u00e7\u00e3o ou de chefia, dever\u00e3o <strong>monitorizar <\/strong>permanentemente as \u00e1reas ou sectores sob a sua responsabilidade de forma a identificar que as pr\u00e1ticas de trabalho s\u00e3o as definidas e que a empresa se encontra nos n\u00edveis de desempenho esperados;<\/li><li>Estar atenta \u00e0s exig\u00eancias do mercado, no que respeita \u00e0s <strong>expectativas dos seus Clientes <\/strong>e, na sua consequente fideliza\u00e7\u00e3o, \u00e0 identifica\u00e7\u00e3o de novas \u00e1reas de neg\u00f3cio e \u00e0 actualiza\u00e7\u00e3o tecnol\u00f3gica permanente;<\/li><li>Cumprir os <strong>requisitos legais e normativos<\/strong>, em termos da Qualidade, como forma de garantir as melhores condi\u00e7\u00f5es para a presta\u00e7\u00e3o dos seus servi\u00e7os;<\/li><li>Garantir o cumprimento do Sistema de Gest\u00e3o implementado, tendo como objectivo a <strong>Melhoria Cont\u00ednua da efic\u00e1cia e da adequa\u00e7\u00e3o dos servi\u00e7os que presta<\/strong>.<\/li><\/ul><p><strong><em>A idoneidade e a capacidade de realiza\u00e7\u00e3o desta empresa, sobejamente conhecidas pelos donos de obra, constituir\u00e3o tamb\u00e9m valor acrescentado para garantir a boa qualidade do produto final.<\/em><\/strong><\/p>\t\t\t\t\t\t\t\t<\/div>\n\t\t\t\t<\/div>\n\t\t\t\t\t<\/div>\n\t\t\t\t<\/div>\n\t\t\t\t<\/div>\n\t\t","protected":false},"excerpt":{"rendered":"<p>MISS\u00c3O \u00a0A Demolinor \u00e9 uma empresa que tem como miss\u00e3o: A constru\u00e7\u00e3o de estradas, de [&hellip;]<\/p>\n","protected":false},"author":1,"featured_media":0,"parent":0,"menu_order":0,"comment_status":"closed","ping_status":"closed","template":"","meta":{"_eb_attr":"","footnotes":""},"class_list":["post-174","page","type-page","status-publish","hentry"],"_links":{"self":[{"href":"https:\/\/demolinor.pt\/index.php\/wp-json\/wp\/v2\/pages\/174","targetHints":{"allow":["GET"]}}],"collection":[{"href":"https:\/\/demolinor.pt\/index.php\/wp-json\/wp\/v2\/pages"}],"about":[{"href":"https:\/\/demolinor.pt\/index.php\/wp-json\/wp\/v2\/types\/page"}],"author":[{"embeddable":true,"href":"https:\/\/demolinor.pt\/index.php\/wp-json\/wp\/v2\/users\/1"}],"replies":[{"embeddable":true,"href":"https:\/\/demolinor.pt\/index.php\/wp-json\/wp\/v2\/comments?post=174"}],"version-history":[{"count":7,"href":"https:\/\/demolinor.pt\/index.php\/wp-json\/wp\/v2\/pages\/174\/revisions"}],"predecessor-version":[{"id":222,"href":"https:\/\/demolinor.pt\/index.php\/wp-json\/wp\/v2\/pages\/174\/revisions\/222"}],"wp:attachment":[{"href":"https:\/\/demolinor.pt\/index.php\/wp-json\/wp\/v2\/media?parent=174"}],"curies":[{"name":"wp","href":"https:\/\/api.w.org\/{rel}","templated":true}]}}